{"id":1395,"date":"2020-12-15T20:41:32","date_gmt":"2020-12-15T19:41:32","guid":{"rendered":"https:\/\/www.perche-en-or.fr\/?page_id=1395"},"modified":"2025-10-27T12:39:09","modified_gmt":"2025-10-27T11:39:09","slug":"devenir-benevole","status":"publish","type":"page","link":"https:\/\/www.perche-en-or.fr\/en\/l-evenement\/devenir-benevole\/","title":{"rendered":"Become a volunteer"},"content":{"rendered":"<p><div class=\"fusion-fullwidth fullwidth-box fusion-builder-row-1 fusion-flex-container mass-responsive-section nonhundred-percent-fullwidth non-hundred-percent-height-scrolling\" style=\"background-color: rgba(255,255,255,0);background-position: left top;background-repeat: no-repeat;border-width: 0px 0px 0px 0px;border-color:#eae9e9;border-style:solid;\" id=\"section1\" ><div class=\"fusion-builder-row fusion-row fusion-flex-align-items-flex-start\" style=\"max-width:1216.8px;margin-left: calc(-4% \/ 2 );margin-right: calc(-4% \/ 2 );\"><div class=\"fusion-layout-column fusion_builder_column fusion-builder-column-0 fusion_builder_column_1_1 1_1 fusion-flex-column mass-intro\"><div class=\"fusion-column-wrapper fusion-flex-justify-content-flex-start fusion-content-layout-column\" style=\"background-position:left top;background-repeat:no-repeat;-webkit-background-size:cover;-moz-background-size:cover;-o-background-size:cover;background-size:cover;padding: 0px 15% 0px 15%;\"><style type=\"text\/css\">@media only screen and (max-width:1024px) {.fusion-title.fusion-title-1{margin-top:0px!important;margin-bottom:20px!important;}}@media only screen and (max-width:640px) {.fusion-title.fusion-title-1{margin-top:0px!important;margin-bottom:10px!important;}}<\/style><div class=\"fusion-title title fusion-title-1 fusion-sep-none fusion-title-center fusion-title-text fusion-title-size-two\" style=\"margin-top:0px;margin-bottom:20px;\"><h2 class=\"title-heading-center\" style=\"margin:0;\">Comment devenir b\u00e9n\u00e9vole ?<\/h2><\/div><div class=\"fusion-separator\" style=\"align-self: center;margin-left: auto;margin-right: auto;margin-top:0px;margin-bottom:30px;width:100%;max-width:206px;\"><div class=\"fusion-separator-border sep-single sep-solid\" style=\"border-color:#fed03d;border-top-width:2px;\"><\/div><\/div><\/div><\/div><style type=\"text\/css\">.fusion-body .fusion-builder-column-0{width:100% !important;margin-top : 42px;margin-bottom : 20px;}.fusion-builder-column-0 > .fusion-column-wrapper {padding-top : 0px !important;padding-right : 15% !important;margin-right : 1.92%;padding-bottom : 0px !important;padding-left : 15% !important;margin-left : 1.92%;}@media only screen and (max-width:1024px) {.fusion-body .fusion-builder-column-0{width:100% !important;margin-bottom : 0px;}.fusion-builder-column-0 > .fusion-column-wrapper {padding-right : 60px !important;margin-right : 1.92%;padding-left : 60px !important;margin-left : 1.92%;}}@media only screen and (max-width:640px) {.fusion-body .fusion-builder-column-0{width:100% !important;}.fusion-builder-column-0 > .fusion-column-wrapper {padding-right : 40px !important;margin-right : 1.92%;padding-left : 40px !important;margin-left : 1.92%;}}<\/style><div class=\"fusion-layout-column fusion_builder_column fusion-builder-column-1 fusion_builder_column_1_4 1_4 fusion-flex-column\"><div class=\"fusion-column-wrapper fusion-flex-justify-content-flex-start fusion-content-layout-column\" style=\"background-position:left top;background-repeat:no-repeat;-webkit-background-size:cover;-moz-background-size:cover;-o-background-size:cover;background-size:cover;padding: 0px 0px 0px 0px;\"><div ><span class=\"fusion-imageframe imageframe-none imageframe-1 hover-type-none\"><img width=\"2560\" height=\"1707\" title=\"4N3A7805\" src=\"https:\/\/www.perche-en-or.fr\/wp-content\/uploads\/2020\/09\/4N3A7805-scaled.jpg\" data-orig-src=\"https:\/\/www.perche-en-or.fr\/wp-content\/uploads\/2020\/09\/4N3A7805-scaled.jpg\" class=\"lazyload img-responsive wp-image-2341\" srcset=\"data:image\/svg+xml,%3Csvg%20xmlns%3D%27http%3A%2F%2Fwww.w3.org%2F2000%2Fsvg%27%20width%3D%272560%27%20height%3D%271707%27%20viewBox%3D%270%200%202560%201707%27%3E%3Crect%20width%3D%272560%27%20height%3D%2731707%27%20fill-opacity%3D%220%22%2F%3E%3C%2Fsvg%3E\" data-srcset=\"https:\/\/www.perche-en-or.fr\/wp-content\/uploads\/2020\/09\/4N3A7805-200x133.jpg 200w, https:\/\/www.perche-en-or.fr\/wp-content\/uploads\/2020\/09\/4N3A7805-400x267.jpg 400w, https:\/\/www.perche-en-or.fr\/wp-content\/uploads\/2020\/09\/4N3A7805-600x400.jpg 600w, https:\/\/www.perche-en-or.fr\/wp-content\/uploads\/2020\/09\/4N3A7805-800x533.jpg 800w, https:\/\/www.perche-en-or.fr\/wp-content\/uploads\/2020\/09\/4N3A7805-1200x800.jpg 1200w, https:\/\/www.perche-en-or.fr\/wp-content\/uploads\/2020\/09\/4N3A7805-scaled.jpg 2560w\" data-sizes=\"auto\" data-orig-sizes=\"(max-width: 1024px) 100vw, (max-width: 640px) 100vw, 400px\" \/><\/span><\/div><\/div><\/div><style type=\"text\/css\">.fusion-body .fusion-builder-column-1{width:25% !important;margin-top : 0px;margin-bottom : 0px;}.fusion-builder-column-1 > .fusion-column-wrapper {padding-top : 0px !important;padding-right : 0px !important;margin-right : 7.68%;padding-bottom : 0px !important;padding-left : 0px !important;margin-left : 7.68%;}@media only screen and (max-width:1024px) {.fusion-body .fusion-builder-column-1{width:100% !important;order : 0;}.fusion-builder-column-1 > .fusion-column-wrapper {margin-right : 1.92%;margin-left : 1.92%;}}@media only screen and (max-width:640px) {.fusion-body .fusion-builder-column-1{width:100% !important;order : 0;}.fusion-builder-column-1 > .fusion-column-wrapper {margin-right : 1.92%;margin-left : 1.92%;}}<\/style><div class=\"fusion-layout-column fusion_builder_column fusion-builder-column-2 fusion_builder_column_1_4 1_4 fusion-flex-column\"><div class=\"fusion-column-wrapper fusion-flex-justify-content-flex-start fusion-content-layout-column\" style=\"background-position:left top;background-repeat:no-repeat;-webkit-background-size:cover;-moz-background-size:cover;-o-background-size:cover;background-size:cover;padding: 0px 0px 0px 0px;\"><div ><span class=\"fusion-imageframe imageframe-none imageframe-2 hover-type-none\"><img width=\"2560\" height=\"1707\" title=\"4N3A8078\" src=\"https:\/\/www.perche-en-or.fr\/wp-content\/uploads\/2020\/09\/4N3A8078-scaled.jpg\" data-orig-src=\"https:\/\/www.perche-en-or.fr\/wp-content\/uploads\/2020\/09\/4N3A8078-scaled.jpg\" class=\"lazyload img-responsive wp-image-2342\" srcset=\"data:image\/svg+xml,%3Csvg%20xmlns%3D%27http%3A%2F%2Fwww.w3.org%2F2000%2Fsvg%27%20width%3D%272560%27%20height%3D%271707%27%20viewBox%3D%270%200%202560%201707%27%3E%3Crect%20width%3D%272560%27%20height%3D%2731707%27%20fill-opacity%3D%220%22%2F%3E%3C%2Fsvg%3E\" data-srcset=\"https:\/\/www.perche-en-or.fr\/wp-content\/uploads\/2020\/09\/4N3A8078-200x133.jpg 200w, https:\/\/www.perche-en-or.fr\/wp-content\/uploads\/2020\/09\/4N3A8078-400x267.jpg 400w, https:\/\/www.perche-en-or.fr\/wp-content\/uploads\/2020\/09\/4N3A8078-600x400.jpg 600w, https:\/\/www.perche-en-or.fr\/wp-content\/uploads\/2020\/09\/4N3A8078-800x533.jpg 800w, https:\/\/www.perche-en-or.fr\/wp-content\/uploads\/2020\/09\/4N3A8078-1200x800.jpg 1200w, https:\/\/www.perche-en-or.fr\/wp-content\/uploads\/2020\/09\/4N3A8078-scaled.jpg 2560w\" data-sizes=\"auto\" data-orig-sizes=\"(max-width: 1024px) 100vw, (max-width: 640px) 100vw, 400px\" \/><\/span><\/div><\/div><\/div><style type=\"text\/css\">.fusion-body .fusion-builder-column-2{width:25% !important;margin-top : 0px;margin-bottom : 0px;}.fusion-builder-column-2 > .fusion-column-wrapper {padding-top : 0px !important;padding-right : 0px !important;margin-right : 7.68%;padding-bottom : 0px !important;padding-left : 0px !important;margin-left : 7.68%;}@media only screen and (max-width:1024px) {.fusion-body .fusion-builder-column-2{width:100% !important;order : 0;}.fusion-builder-column-2 > .fusion-column-wrapper {margin-right : 1.92%;margin-left : 1.92%;}}@media only screen and (max-width:640px) {.fusion-body .fusion-builder-column-2{width:100% !important;order : 0;}.fusion-builder-column-2 > .fusion-column-wrapper {margin-right : 1.92%;margin-left : 1.92%;}}<\/style><div class=\"fusion-layout-column fusion_builder_column fusion-builder-column-3 fusion_builder_column_1_4 1_4 fusion-flex-column\"><div class=\"fusion-column-wrapper fusion-flex-justify-content-flex-start fusion-content-layout-column\" style=\"background-position:left top;background-repeat:no-repeat;-webkit-background-size:cover;-moz-background-size:cover;-o-background-size:cover;background-size:cover;padding: 0px 0px 0px 0px;\"><div ><span class=\"fusion-imageframe imageframe-none imageframe-3 hover-type-none\"><img width=\"2560\" height=\"1707\" title=\"4N3A8389\" src=\"https:\/\/www.perche-en-or.fr\/wp-content\/uploads\/2020\/09\/4N3A8389-scaled.jpg\" data-orig-src=\"https:\/\/www.perche-en-or.fr\/wp-content\/uploads\/2020\/09\/4N3A8389-scaled.jpg\" class=\"lazyload img-responsive wp-image-2343\" srcset=\"data:image\/svg+xml,%3Csvg%20xmlns%3D%27http%3A%2F%2Fwww.w3.org%2F2000%2Fsvg%27%20width%3D%272560%27%20height%3D%271707%27%20viewBox%3D%270%200%202560%201707%27%3E%3Crect%20width%3D%272560%27%20height%3D%2731707%27%20fill-opacity%3D%220%22%2F%3E%3C%2Fsvg%3E\" data-srcset=\"https:\/\/www.perche-en-or.fr\/wp-content\/uploads\/2020\/09\/4N3A8389-200x133.jpg 200w, https:\/\/www.perche-en-or.fr\/wp-content\/uploads\/2020\/09\/4N3A8389-400x267.jpg 400w, https:\/\/www.perche-en-or.fr\/wp-content\/uploads\/2020\/09\/4N3A8389-600x400.jpg 600w, https:\/\/www.perche-en-or.fr\/wp-content\/uploads\/2020\/09\/4N3A8389-800x533.jpg 800w, https:\/\/www.perche-en-or.fr\/wp-content\/uploads\/2020\/09\/4N3A8389-1200x800.jpg 1200w, https:\/\/www.perche-en-or.fr\/wp-content\/uploads\/2020\/09\/4N3A8389-scaled.jpg 2560w\" data-sizes=\"auto\" data-orig-sizes=\"(max-width: 1024px) 100vw, (max-width: 640px) 100vw, 400px\" \/><\/span><\/div><\/div><\/div><style type=\"text\/css\">.fusion-body .fusion-builder-column-3{width:25% !important;margin-top : 0px;margin-bottom : 0px;}.fusion-builder-column-3 > .fusion-column-wrapper {padding-top : 0px !important;padding-right : 0px !important;margin-right : 7.68%;padding-bottom : 0px !important;padding-left : 0px !important;margin-left : 7.68%;}@media only screen and (max-width:1024px) {.fusion-body .fusion-builder-column-3{width:100% !important;order : 0;}.fusion-builder-column-3 > .fusion-column-wrapper {margin-right : 1.92%;margin-left : 1.92%;}}@media only screen and (max-width:640px) {.fusion-body .fusion-builder-column-3{width:100% !important;order : 0;}.fusion-builder-column-3 > .fusion-column-wrapper {margin-right : 1.92%;margin-left : 1.92%;}}<\/style><div class=\"fusion-layout-column fusion_builder_column fusion-builder-column-4 fusion_builder_column_1_4 1_4 fusion-flex-column\"><div class=\"fusion-column-wrapper fusion-flex-justify-content-flex-start fusion-content-layout-column\" style=\"background-position:left top;background-repeat:no-repeat;-webkit-background-size:cover;-moz-background-size:cover;-o-background-size:cover;background-size:cover;padding: 0px 0px 0px 0px;\"><div ><span class=\"fusion-imageframe imageframe-none imageframe-4 hover-type-none\"><img width=\"2560\" height=\"1707\" title=\"4N3A8489\" src=\"https:\/\/www.perche-en-or.fr\/wp-content\/uploads\/2020\/09\/4N3A8489-scaled.jpg\" data-orig-src=\"https:\/\/www.perche-en-or.fr\/wp-content\/uploads\/2020\/09\/4N3A8489-scaled.jpg\" class=\"lazyload img-responsive wp-image-2344\" srcset=\"data:image\/svg+xml,%3Csvg%20xmlns%3D%27http%3A%2F%2Fwww.w3.org%2F2000%2Fsvg%27%20width%3D%272560%27%20height%3D%271707%27%20viewBox%3D%270%200%202560%201707%27%3E%3Crect%20width%3D%272560%27%20height%3D%2731707%27%20fill-opacity%3D%220%22%2F%3E%3C%2Fsvg%3E\" data-srcset=\"https:\/\/www.perche-en-or.fr\/wp-content\/uploads\/2020\/09\/4N3A8489-200x133.jpg 200w, https:\/\/www.perche-en-or.fr\/wp-content\/uploads\/2020\/09\/4N3A8489-400x267.jpg 400w, https:\/\/www.perche-en-or.fr\/wp-content\/uploads\/2020\/09\/4N3A8489-600x400.jpg 600w, https:\/\/www.perche-en-or.fr\/wp-content\/uploads\/2020\/09\/4N3A8489-800x533.jpg 800w, https:\/\/www.perche-en-or.fr\/wp-content\/uploads\/2020\/09\/4N3A8489-1200x800.jpg 1200w, https:\/\/www.perche-en-or.fr\/wp-content\/uploads\/2020\/09\/4N3A8489-scaled.jpg 2560w\" data-sizes=\"auto\" data-orig-sizes=\"(max-width: 1024px) 100vw, (max-width: 640px) 100vw, 400px\" \/><\/span><\/div><\/div><\/div><style type=\"text\/css\">.fusion-body .fusion-builder-column-4{width:25% !important;margin-top : 0px;margin-bottom : 0px;}.fusion-builder-column-4 > .fusion-column-wrapper {padding-top : 0px !important;padding-right : 0px !important;margin-right : 7.68%;padding-bottom : 0px !important;padding-left : 0px !important;margin-left : 7.68%;}@media only screen and (max-width:1024px) {.fusion-body .fusion-builder-column-4{width:100% !important;order : 0;}.fusion-builder-column-4 > .fusion-column-wrapper {margin-right : 1.92%;margin-left : 1.92%;}}@media only screen and (max-width:640px) {.fusion-body .fusion-builder-column-4{width:100% !important;order : 0;}.fusion-builder-column-4 > .fusion-column-wrapper {margin-right : 1.92%;margin-left : 1.92%;}}<\/style><\/div><style type=\"text\/css\">.fusion-body .fusion-flex-container.fusion-builder-row-1{ padding-top : 3%;margin-top : 0px;padding-right : 0px;padding-bottom : 40px;margin-bottom : 0px;padding-left : 0px;}@media only screen and (max-width:640px) {.fusion-body .fusion-flex-container.fusion-builder-row-1{ padding-bottom : 20px;}}<\/style><\/div><div class=\"fusion-fullwidth fullwidth-box fusion-builder-row-2 fusion-flex-container nonhundred-percent-fullwidth non-hundred-percent-height-scrolling\" style=\"background-color: rgba(255,255,255,0);background-position: center center;background-repeat: no-repeat;border-width: 0px 0px 0px 0px;border-color:#eae9e9;border-style:solid;\" ><div class=\"fusion-builder-row fusion-row fusion-flex-align-items-center fusion-flex-justify-content-center\" style=\"max-width:1216.8px;margin-left: calc(-4% \/ 2 );margin-right: calc(-4% \/ 2 );\"><div class=\"fusion-layout-column fusion_builder_column fusion-builder-column-5 fusion_builder_column_1_1 1_1 fusion-flex-column\"><div class=\"fusion-column-wrapper fusion-flex-justify-content-flex-start fusion-content-layout-column\" style=\"background-position:left top;background-repeat:no-repeat;-webkit-background-size:cover;-moz-background-size:cover;-o-background-size:cover;background-size:cover;padding: 0px 0px 0px 0px;\"><div class=\"fusion-text fusion-text-1\"><p style=\"text-align: center;\">Vous trouverez le formulaire de candidature pour \u00eatre b\u00e9n\u00e9vole \u00e0 la 6\u00e8me \u00e9dition de Perche en Or.<\/p>\n<\/div><iframe src=\"https:\/\/docs.google.com\/forms\/d\/e\/1FAIpQLSeIm9Gf8WIGbs_LxaO77ew50RqTOVp1royhT48C2csNYkdJxQ\/viewform?embedded=true\" width=\"640\" height=\"4088\" frameborder=\"0\" marginheight=\"0\" marginwidth=\"0\">Loading...<\/iframe><\/div><\/div><style type=\"text\/css\">.fusion-body .fusion-builder-column-5{width:100% !important;margin-top : 0px;margin-bottom : 0px;}.fusion-builder-column-5 > .fusion-column-wrapper {padding-top : 0px !important;padding-right : 0px !important;margin-right : 1.92%;padding-bottom : 0px !important;padding-left : 0px !important;margin-left : 1.92%;}@media only screen and (max-width:1024px) {.fusion-body .fusion-builder-column-5{width:100% !important;order : 0;}.fusion-builder-column-5 > .fusion-column-wrapper {margin-right : 1.92%;margin-left : 1.92%;}}@media only screen and (max-width:640px) {.fusion-body .fusion-builder-column-5{width:100% !important;order : 0;}.fusion-builder-column-5 > .fusion-column-wrapper {margin-right : 1.92%;margin-left : 1.92%;}}<\/style><\/div><style type=\"text\/css\">.fusion-body .fusion-flex-container.fusion-builder-row-2{ padding-top : 0px;margin-top : 0px;padding-right : 0px;padding-bottom : 0px;margin-bottom : 0px;padding-left : 0px;}<\/style><\/div><\/p>","protected":false},"excerpt":{"rendered":"","protected":false},"author":1,"featured_media":0,"parent":7,"menu_order":0,"comment_status":"closed","ping_status":"closed","template":"","meta":[],"_links":{"self":[{"href":"https:\/\/www.perche-en-or.fr\/en\/wp-json\/wp\/v2\/pages\/1395"}],"collection":[{"href":"https:\/\/www.perche-en-or.fr\/en\/wp-json\/wp\/v2\/pages"}],"about":[{"href":"https:\/\/www.perche-en-or.fr\/en\/wp-json\/wp\/v2\/types\/page"}],"author":[{"embeddable":true,"href":"https:\/\/www.perche-en-or.fr\/en\/wp-json\/wp\/v2\/users\/1"}],"replies":[{"embeddable":true,"href":"https:\/\/www.perche-en-or.fr\/en\/wp-json\/wp\/v2\/comments?post=1395"}],"version-history":[{"count":18,"href":"https:\/\/www.perche-en-or.fr\/en\/wp-json\/wp\/v2\/pages\/1395\/revisions"}],"predecessor-version":[{"id":2463,"href":"https:\/\/www.perche-en-or.fr\/en\/wp-json\/wp\/v2\/pages\/1395\/revisions\/2463"}],"up":[{"embeddable":true,"href":"https:\/\/www.perche-en-or.fr\/en\/wp-json\/wp\/v2\/pages\/7"}],"wp:attachment":[{"href":"https:\/\/www.perche-en-or.fr\/en\/wp-json\/wp\/v2\/media?parent=1395"}],"curies":[{"name":"wp","href":"https:\/\/api.w.org\/{rel}","templated":true}]}}