{"id":7,"date":"2015-12-04T02:08:28","date_gmt":"2015-12-04T02:08:28","guid":{"rendered":"http:\/\/theme-fusion.com\/avada\/construction\/?page_id=7"},"modified":"2020-12-18T10:20:25","modified_gmt":"2020-12-18T09:20:25","slug":"l-evenement","status":"publish","type":"page","link":"https:\/\/www.perche-en-or.fr\/en\/l-evenement\/","title":{"rendered":"L&rsquo;\u00e9v\u00e9nement"},"content":{"rendered":"<div class=\"fusion-fullwidth fullwidth-box fusion-builder-row-1 fusion-flex-container nonhundred-percent-fullwidth non-hundred-percent-height-scrolling\" style=\"background-color: rgba(255,255,255,0);background-position: left top;background-repeat: no-repeat;border-width: 0px 0px 0px 0px;border-color:#eae9e9;border-style:solid;\" ><div class=\"fusion-builder-row fusion-row fusion-flex-align-items-flex-start\" style=\"max-width:1216.8px;margin-left: calc(-4% \/ 2 );margin-right: calc(-4% \/ 2 );\"><div class=\"fusion-layout-column fusion_builder_column fusion-builder-column-0 fusion_builder_column_1_1 1_1 fusion-flex-column\"><div class=\"fusion-column-wrapper fusion-flex-justify-content-flex-start fusion-content-layout-column\" style=\"background-position:left top;background-repeat:no-repeat;-webkit-background-size:cover;-moz-background-size:cover;-o-background-size:cover;background-size:cover;padding: 0px 15% 0px 15%;\"><style type=\"text\/css\">@media only screen and (max-width:1024px) {.fusion-title.fusion-title-1{margin-top:0px!important;margin-bottom:20px!important;}}@media only screen and (max-width:640px) {.fusion-title.fusion-title-1{margin-top:0px!important;margin-bottom:10px!important;}}<\/style><div class=\"fusion-title title fusion-title-1 fusion-sep-none fusion-title-center fusion-title-text fusion-title-size-two\" style=\"margin-top:0px;margin-bottom:20px;\"><h2 class=\"title-heading-center\" style=\"margin:0;\">L&rsquo;\u00e9v\u00e9nement<\/h2><\/div><div class=\"fusion-separator\" style=\"align-self: center;margin-left: auto;margin-right: auto;margin-top:0px;margin-bottom:30px;width:100%;max-width:206px;\"><div class=\"fusion-separator-border sep-single sep-solid\" style=\"border-color:#fed03d;border-top-width:2px;\"><\/div><\/div><div class=\"fusion-text fusion-text-1\"><p style=\"text-align: center;\">Retrouvez l&rsquo;actualit\u00e9 du Perche en Or<\/p>\n<\/div><div class=\"fusion-blog-shortcode fusion-blog-shortcode-1 fusion-blog-archive fusion-blog-layout-large fusion-blog-pagination\"><div class=\"fusion-posts-container fusion-posts-container-pagination fusion-blog-rollover\" data-pages=\"2\"><article id=\"blog-1-post-1\" class=\"fusion-post-large post-1 post type-post status-publish format-standard hentry category-non-classe\">\n\t<style type=\"text\/css\">\n\t\t\n\t\t\n\t\t\n\t\t\n\t\t\t<\/style>\n\n\n<div class=\"fusion-post-content post-content\"><h2 class=\"blog-shortcode-post-title entry-title\"><a href=\"https:\/\/www.perche-en-or.fr\/en\/2020\/12\/09\/bonjour-tout-le-monde\/\">Hello everyone!<\/a><\/h2><div class=\"fusion-post-content-container\"><p>Bienvenue sur WordPress. Ceci est votre premier article. Modifiez-le ou<\/p><\/div><\/div><div class=\"fusion-clearfix\"><\/div><div class=\"fusion-meta-info\"><div class=\"fusion-alignleft\">By <span class=\"vcard\"><span class=\"fn\"><a href=\"https:\/\/www.perche-en-or.fr\/en\/author\/a-debastlma\/\" title=\"Posts by a.debast@lma\" rel=\"author\">a.debast@lma<\/a><\/span><\/span><span class=\"fusion-inline-sep\">|<\/span><span class=\"updated\" style=\"display:none;\">2020-12-09T21:05:18+01:00<\/span><span>December 9th, 2020<\/span><span class=\"fusion-inline-sep\">|<\/span>Categories: <a href=\"https:\/\/www.perche-en-or.fr\/en\/category\/non-classe\/\" rel=\"category tag\">Uncategorized<\/a><span class=\"fusion-inline-sep\">|<\/span><span class=\"fusion-comments\"><a href=\"https:\/\/www.perche-en-or.fr\/en\/2020\/12\/09\/bonjour-tout-le-monde\/#respond\">0 Comments<\/a><\/span><\/div><div class=\"fusion-alignright\"><a class=\"fusion-read-more\" href=\"https:\/\/www.perche-en-or.fr\/en\/2020\/12\/09\/bonjour-tout-le-monde\/\" aria-label=\"More on Bonjour tout le monde\u00a0!\">Read More<\/a><\/div><\/div><\/article>\n<article id=\"blog-1-post-71\" class=\"fusion-post-large post-71 post type-post status-publish format-standard hentry category-architecture category-buildings category-construction category-news tag-construction tag-honored tag-house-building\">\n\t<style type=\"text\/css\">\n\t\t\n\t\t\n\t\t\n\t\t\n\t\t\t<\/style>\n\n\n<div class=\"fusion-post-content post-content\"><h2 class=\"blog-shortcode-post-title entry-title\"><a href=\"https:\/\/www.perche-en-or.fr\/en\/2015\/12\/07\/redeveloping-floridas-remote-southern-coast-2\/\">Redeveloping Florida's Remote Southern Coast<\/a><\/h2><div class=\"fusion-post-content-container\"><p>Technology is Here to Stay Lorem ipsum dolor sit amet,<\/p><\/div><\/div><div class=\"fusion-clearfix\"><\/div><div class=\"fusion-meta-info\"><div class=\"fusion-alignleft\">By <span class=\"vcard\"><span class=\"fn\"><a href=\"https:\/\/www.perche-en-or.fr\/en\/author\/a-debastlma\/\" title=\"Posts by a.debast@lma\" rel=\"author\">a.debast@lma<\/a><\/span><\/span><span class=\"fusion-inline-sep\">|<\/span><span class=\"updated\" style=\"display:none;\">2020-12-10T20:53:23+01:00<\/span><span>December 7th, 2015<\/span><span class=\"fusion-inline-sep\">|<\/span>Categories: <a href=\"https:\/\/www.perche-en-or.fr\/en\/category\/architecture\/\" rel=\"category tag\">Architecture<\/a>, <a href=\"https:\/\/www.perche-en-or.fr\/en\/category\/buildings\/\" rel=\"category tag\">Buildings<\/a>, <a href=\"https:\/\/www.perche-en-or.fr\/en\/category\/construction\/\" rel=\"category tag\">Construction<\/a>, <a href=\"https:\/\/www.perche-en-or.fr\/en\/category\/news\/\" rel=\"category tag\">News<\/a><span class=\"fusion-inline-sep\">|<\/span><span class=\"meta-tags\">Tags: <a href=\"https:\/\/www.perche-en-or.fr\/en\/tag\/construction\/\" rel=\"tag\">Construction<\/a>, <a href=\"https:\/\/www.perche-en-or.fr\/en\/tag\/honored\/\" rel=\"tag\">Honored<\/a>, <a href=\"https:\/\/www.perche-en-or.fr\/en\/tag\/house-building\/\" rel=\"tag\">House Building<\/a><\/span><span class=\"fusion-inline-sep\">|<\/span><span class=\"fusion-comments\"><a href=\"https:\/\/www.perche-en-or.fr\/en\/2015\/12\/07\/redeveloping-floridas-remote-southern-coast-2\/#respond\">0 Comments<\/a><\/span><\/div><div class=\"fusion-alignright\"><a class=\"fusion-read-more\" href=\"https:\/\/www.perche-en-or.fr\/en\/2015\/12\/07\/redeveloping-floridas-remote-southern-coast-2\/\" aria-label=\"More on Redeveloping Florida&rsquo;s Remote Southern Coast\">Read More<\/a><\/div><\/div><\/article>\n<article id=\"blog-1-post-69\" class=\"fusion-post-large post-69 post type-post status-publish format-standard hentry category-architecture category-construction category-engineering tag-house-building tag-how-to-build tag-marketing-plan\">\n\t<style type=\"text\/css\">\n\t\t\n\t\t\n\t\t\n\t\t\n\t\t\t<\/style>\n\n\n<div class=\"fusion-post-content post-content\"><h2 class=\"blog-shortcode-post-title entry-title\"><a href=\"https:\/\/www.perche-en-or.fr\/en\/2015\/12\/07\/how-we-manage-large-construction-projects\/\">How We Manage Large Construction Projects<\/a><\/h2><div class=\"fusion-post-content-container\"><p>Technology is Here to Stay Lorem ipsum dolor sit amet,<\/p><\/div><\/div><div class=\"fusion-clearfix\"><\/div><div class=\"fusion-meta-info\"><div class=\"fusion-alignleft\">By <span class=\"vcard\"><span class=\"fn\"><a href=\"https:\/\/www.perche-en-or.fr\/en\/author\/a-debastlma\/\" title=\"Posts by a.debast@lma\" rel=\"author\">a.debast@lma<\/a><\/span><\/span><span class=\"fusion-inline-sep\">|<\/span><span class=\"updated\" style=\"display:none;\">2020-12-10T20:53:23+01:00<\/span><span>December 7th, 2015<\/span><span class=\"fusion-inline-sep\">|<\/span>Categories: <a href=\"https:\/\/www.perche-en-or.fr\/en\/category\/architecture\/\" rel=\"category tag\">Architecture<\/a>, <a href=\"https:\/\/www.perche-en-or.fr\/en\/category\/construction\/\" rel=\"category tag\">Construction<\/a>, <a href=\"https:\/\/www.perche-en-or.fr\/en\/category\/engineering\/\" rel=\"category tag\">Engineering<\/a><span class=\"fusion-inline-sep\">|<\/span><span class=\"meta-tags\">Tags: <a href=\"https:\/\/www.perche-en-or.fr\/en\/tag\/house-building\/\" rel=\"tag\">House Building<\/a>, <a href=\"https:\/\/www.perche-en-or.fr\/en\/tag\/how-to-build\/\" rel=\"tag\">How to Build<\/a>, <a href=\"https:\/\/www.perche-en-or.fr\/en\/tag\/marketing-plan\/\" rel=\"tag\">Marketing Plan<\/a><\/span><span class=\"fusion-inline-sep\">|<\/span><span class=\"fusion-comments\"><a href=\"https:\/\/www.perche-en-or.fr\/en\/2015\/12\/07\/how-we-manage-large-construction-projects\/#respond\">0 Comments<\/a><\/span><\/div><div class=\"fusion-alignright\"><a class=\"fusion-read-more\" href=\"https:\/\/www.perche-en-or.fr\/en\/2015\/12\/07\/how-we-manage-large-construction-projects\/\" aria-label=\"More on How We Manage Large Construction Projects\">Read More<\/a><\/div><\/div><\/article>\n<\/div><div class=\"pagination clearfix\"><span class=\"current\">1<\/span><a href=\"https:\/\/www.perche-en-or.fr\/en\/wp-json\/wp\/v2\/pages\/7\/page\/2\/\" class=\"inactive\">2<\/a><a class=\"pagination-next\" rel=\"next\" href=\"https:\/\/www.perche-en-or.fr\/en\/wp-json\/wp\/v2\/pages\/7\/page\/2\/\"><span class=\"page-text\">Next<\/span><span class=\"page-next\"><\/span><\/a><\/div><div class=\"fusion-clearfix\"><\/div><\/div><\/div><\/div><style type=\"text\/css\">.fusion-body .fusion-builder-column-0{width:100% !important;margin-top : 0px;margin-bottom : 30px;}.fusion-builder-column-0 > .fusion-column-wrapper {padding-top : 0px !important;padding-right : 15% !important;margin-right : 1.92%;padding-bottom : 0px !important;padding-left : 15% !important;margin-left : 1.92%;}@media only screen and (max-width:1024px) {.fusion-body .fusion-builder-column-0{width:100% !important;margin-bottom : 30px;}.fusion-builder-column-0 > .fusion-column-wrapper {padding-right : 60px !important;margin-right : 1.92%;padding-left : 60px !important;margin-left : 1.92%;}}@media only screen and (max-width:640px) {.fusion-body .fusion-builder-column-0{width:100% !important;}.fusion-builder-column-0 > .fusion-column-wrapper {padding-right : 40px !important;margin-right : 1.92%;padding-left : 40px !important;margin-left : 1.92%;}}<\/style><div class=\"fusion-layout-column fusion_builder_column fusion-builder-column-1 fusion_builder_column_1_1 1_1 fusion-flex-column\"><div class=\"fusion-column-wrapper fusion-flex-justify-content-flex-start fusion-content-layout-column\" style=\"background-position:left top;background-repeat:no-repeat;-webkit-background-size:cover;-moz-background-size:cover;-o-background-size:cover;background-size:cover;padding: 0px 0px 0px 0px;\"><div class=\"fusion-recent-works fusion-portfolio-element fusion-portfolio fusion-portfolio-1 fusion-portfolio-grid fusion-portfolio-paging-none fusion-portfolio-three fusion-portfolio-no_text fusion-portfolio-rollover\" data-id=\"-rw-1\" data-columns=\"three\"><style type=\"text\/css\">.fusion-portfolio-1 .fusion-portfolio-wrapper .fusion-col-spacing{padding:15px;}<\/style><div class=\"fusion-portfolio-wrapper\" id=\"fusion-portfolio-1\" data-picturesize=\"auto\" data-pages=\"2\" style=\"margin:-15px;\"><article id=\"portfolio-1-post-1545\" class=\"fusion-portfolio-post fusion-col-spacing post-1545\"><div class=\"fusion-portfolio-content-wrapper\" style=\"border:none;\"><span class=\"entry-title rich-snippet-hidden\">Athletes<\/span><span class=\"vcard rich-snippet-hidden\"><span class=\"fn\"><a href=\"https:\/\/www.perche-en-or.fr\/en\/author\/a-debastlma\/\" title=\"Posts by a.debast@lma\" rel=\"author\">a.debast@lma<\/a><\/span><\/span><span class=\"updated rich-snippet-hidden\">2020-12-16T21:35:48+01:00<\/span>\n\n<div  class=\"fusion-image-wrapper\" aria-haspopup=\"true\">\n\t\n\t\n\t\t\n\t\n\t\t\t\t\t\t<div class=\"fusion-placeholder-image\" data-origheight=\"150\" data-origwidth=\"1500px\" style=\"height:150px;width:1500px;\"><\/div>\n\t\t\n\t\n\n\t\t<div class=\"fusion-rollover\">\n\t<div class=\"fusion-rollover-content\">\n\n\t\t\t\t\t\t\t\t\t\t\t\t\t\t<a class=\"fusion-rollover-link\" href=\"https:\/\/www.perche-en-or.fr\/en\/portfolio-items\/athletes\/\">Athletes<\/a>\n\t\t\t\n\t\t\t\t\t\t\t\t\t\t\t\t\t\t\n\t\t\t\t\t\t\t\t\n\t\t\t\t\t\t\t\t\n\t\t\t\t\t\t\t\t\t\t\t\t\t\n\t\t\t\t\n\t\t\t\t\t\t\t\t\t\t\t\t<h4 class=\"fusion-rollover-title\">\n\t\t\t\t\t<a class=\"fusion-rollover-title-link\" href=\"https:\/\/www.perche-en-or.fr\/en\/portfolio-items\/athletes\/\">\n\t\t\t\t\t\tAthletes\t\t\t\t\t<\/a>\n\t\t\t\t<\/h4>\n\t\t\t\n\t\t\t\t\t\t\t\t\t\t\t\t\t\t\t\t\t\t\t\n\t\t\n\t\t\t\t<a class=\"fusion-link-wrapper\" href=\"https:\/\/www.perche-en-or.fr\/en\/portfolio-items\/athletes\/\" aria-label=\"Athletes\"><\/a>\n\t<\/div>\n<\/div>\n\n\t\n<\/div>\n<\/div><\/article><article id=\"portfolio-1-post-81\" class=\"fusion-portfolio-post commercial fusion-col-spacing post-81\"><div class=\"fusion-portfolio-content-wrapper\" style=\"border:none;\"><span class=\"entry-title rich-snippet-hidden\">Florida Heath Facility<\/span><span class=\"vcard rich-snippet-hidden\"><span class=\"fn\"><a href=\"https:\/\/www.perche-en-or.fr\/en\/author\/a-debastlma\/\" title=\"Posts by a.debast@lma\" rel=\"author\">a.debast@lma<\/a><\/span><\/span><span class=\"updated rich-snippet-hidden\">2020-12-10T20:53:22+01:00<\/span>\n\n<div  class=\"fusion-image-wrapper\" aria-haspopup=\"true\">\n\t\n\t\n\t\t\n\t\n\t\t\t\t\t\t<div class=\"fusion-placeholder-image\" data-origheight=\"150\" data-origwidth=\"1500px\" style=\"height:150px;width:1500px;\"><\/div>\n\t\t\n\t\n\n\t\t<div class=\"fusion-rollover\">\n\t<div class=\"fusion-rollover-content\">\n\n\t\t\t\t\t\t\t\t\t\t\t\t\t\t<a class=\"fusion-rollover-link\" href=\"https:\/\/www.perche-en-or.fr\/en\/portfolio-items\/florida-heath-facility\/\">Florida Heath Facility<\/a>\n\t\t\t\n\t\t\t\t\t\t\t\t\t\t\t\t\t\t\n\t\t\t\t\t\t\t\t\n\t\t\t\t\t\t\t\t\n\t\t\t\t\t\t\t\t\t\t\t\t\t\n\t\t\t\t\n\t\t\t\t\t\t\t\t\t\t\t\t<h4 class=\"fusion-rollover-title\">\n\t\t\t\t\t<a class=\"fusion-rollover-title-link\" href=\"https:\/\/www.perche-en-or.fr\/en\/portfolio-items\/florida-heath-facility\/\">\n\t\t\t\t\t\tFlorida Heath Facility\t\t\t\t\t<\/a>\n\t\t\t\t<\/h4>\n\t\t\t\n\t\t\t\t\t\t\t\t\t\t\t\t\t\t<div class=\"fusion-rollover-categories\"><a href=\"https:\/\/www.perche-en-or.fr\/en\/portfolio_category\/commercial\/\" rel=\"tag\">Commercial<\/a><\/div>\t\t\t\t\t\n\t\t\n\t\t\t\t<a class=\"fusion-link-wrapper\" href=\"https:\/\/www.perche-en-or.fr\/en\/portfolio-items\/florida-heath-facility\/\" aria-label=\"Florida Heath Facility\"><\/a>\n\t<\/div>\n<\/div>\n\n\t\n<\/div>\n<\/div><\/article><article id=\"portfolio-1-post-77\" class=\"fusion-portfolio-post residential fusion-col-spacing post-77\"><div class=\"fusion-portfolio-content-wrapper\" style=\"border:none;\"><span class=\"entry-title rich-snippet-hidden\">Maine Modernity<\/span><span class=\"vcard rich-snippet-hidden\"><span class=\"fn\"><a href=\"https:\/\/www.perche-en-or.fr\/en\/author\/a-debastlma\/\" title=\"Posts by a.debast@lma\" rel=\"author\">a.debast@lma<\/a><\/span><\/span><span class=\"updated rich-snippet-hidden\">2020-12-10T20:53:22+01:00<\/span>\n\n<div  class=\"fusion-image-wrapper\" aria-haspopup=\"true\">\n\t\n\t\n\t\t\n\t\n\t\t\t\t\t\t<div class=\"fusion-placeholder-image\" data-origheight=\"150\" data-origwidth=\"1500px\" style=\"height:150px;width:1500px;\"><\/div>\n\t\t\n\t\n\n\t\t<div class=\"fusion-rollover\">\n\t<div class=\"fusion-rollover-content\">\n\n\t\t\t\t\t\t\t\t\t\t\t\t\t\t<a class=\"fusion-rollover-link\" href=\"https:\/\/www.perche-en-or.fr\/en\/portfolio-items\/maine-modernity\/\">Maine Modernity<\/a>\n\t\t\t\n\t\t\t\t\t\t\t\t\t\t\t\t\t\t\n\t\t\t\t\t\t\t\t\n\t\t\t\t\t\t\t\t\n\t\t\t\t\t\t\t\t\t\t\t\t\t\n\t\t\t\t\n\t\t\t\t\t\t\t\t\t\t\t\t<h4 class=\"fusion-rollover-title\">\n\t\t\t\t\t<a class=\"fusion-rollover-title-link\" href=\"https:\/\/www.perche-en-or.fr\/en\/portfolio-items\/maine-modernity\/\">\n\t\t\t\t\t\tMaine Modernity\t\t\t\t\t<\/a>\n\t\t\t\t<\/h4>\n\t\t\t\n\t\t\t\t\t\t\t\t\t\t\t\t\t\t<div class=\"fusion-rollover-categories\"><a href=\"https:\/\/www.perche-en-or.fr\/en\/portfolio_category\/residential\/\" rel=\"tag\">Residential<\/a><\/div>\t\t\t\t\t\n\t\t\n\t\t\t\t<a class=\"fusion-link-wrapper\" href=\"https:\/\/www.perche-en-or.fr\/en\/portfolio-items\/maine-modernity\/\" aria-label=\"Maine Modernity\"><\/a>\n\t<\/div>\n<\/div>\n\n\t\n<\/div>\n<\/div><\/article><\/div><\/div><div class=\"fusion-flip-boxes flip-boxes row fusion-columns-3 flip-effect-classic\"><div class=\"fusion-flip-box-wrapper fusion-column col-lg-4 col-md-4 col-sm-4\"><div class=\"fusion-flip-box flip-right\" tabindex=\"0\"><div class=\"flip-box-inner-wrapper\"><div class=\"flip-box-front\" style=\"background-color:#f5f5f5;border-color:rgba(255,255,255,0);border-radius:10px;border-style:solid;border-width:1px;color:#747474;transition-duration:0.4s;\"><div class=\"flip-box-front-inner\"><h2 class=\"flip-box-heading\" style=\"color:#333333;\">Presentation<\/h2>Pr\u00e9sentation de l'\u00e9v\u00e9nement<\/div><\/div><div class=\"flip-box-back\" style=\"background-color:#fed03d;border-color:rgba(255,255,255,0);border-radius:10px;border-style:solid;border-width:1px;color:#555555;transition-duration:0.4s;background-image: url(&#039;https:\/\/www.perche-en-or.fr\/wp-content\/uploads\/2020\/09\/logo-noir-retina-300x218.png&#039;);\"><div class=\"flip-box-back-inner\"><h3 class=\"flip-box-heading-back\" style=\"color:#333333;\">Presentation<\/h3>\n<p>Pr\u00e9sentation de l&rsquo;\u00e9v\u00e9nement<\/p>\n<\/div><\/div><\/div><\/div><\/div><\/div><\/div><\/div><style type=\"text\/css\">.fusion-body .fusion-builder-column-1{width:100% !important;margin-top : 0px;margin-bottom : 0px;}.fusion-builder-column-1 > .fusion-column-wrapper {padding-top : 0px !important;padding-right : 0px !important;margin-right : 1.92%;padding-bottom : 0px !important;padding-left : 0px !important;margin-left : 1.92%;}@media only screen and (max-width:1024px) {.fusion-body .fusion-builder-column-1{width:100% !important;}.fusion-builder-column-1 > .fusion-column-wrapper {margin-right : 1.92%;margin-left : 1.92%;}}@media only screen and (max-width:640px) {.fusion-body .fusion-builder-column-1{width:100% !important;}.fusion-builder-column-1 > .fusion-column-wrapper {margin-right : 1.92%;margin-left : 1.92%;}}<\/style><\/div><style type=\"text\/css\">.fusion-body .fusion-flex-container.fusion-builder-row-1{ padding-top : 90px;margin-top : 0px;padding-right : 0px;padding-bottom : 100px;margin-bottom : 0px;padding-left : 0px;}@media only screen and (max-width:640px) {.fusion-body .fusion-flex-container.fusion-builder-row-1{ padding-top : 50px;padding-bottom : 60px;}}<\/style><\/div>","protected":false},"excerpt":{"rendered":"","protected":false},"author":1,"featured_media":0,"parent":0,"menu_order":0,"comment_status":"closed","ping_status":"closed","template":"100-width.php","meta":[],"_links":{"self":[{"href":"https:\/\/www.perche-en-or.fr\/en\/wp-json\/wp\/v2\/pages\/7"}],"collection":[{"href":"https:\/\/www.perche-en-or.fr\/en\/wp-json\/wp\/v2\/pages"}],"about":[{"href":"https:\/\/www.perche-en-or.fr\/en\/wp-json\/wp\/v2\/types\/page"}],"author":[{"embeddable":true,"href":"https:\/\/www.perche-en-or.fr\/en\/wp-json\/wp\/v2\/users\/1"}],"replies":[{"embeddable":true,"href":"https:\/\/www.perche-en-or.fr\/en\/wp-json\/wp\/v2\/comments?post=7"}],"version-history":[{"count":10,"href":"https:\/\/www.perche-en-or.fr\/en\/wp-json\/wp\/v2\/pages\/7\/revisions"}],"predecessor-version":[{"id":1668,"href":"https:\/\/www.perche-en-or.fr\/en\/wp-json\/wp\/v2\/pages\/7\/revisions\/1668"}],"wp:attachment":[{"href":"https:\/\/www.perche-en-or.fr\/en\/wp-json\/wp\/v2\/media?parent=7"}],"curies":[{"name":"wp","href":"https:\/\/api.w.org\/{rel}","templated":true}]}}